{"id":12,"date":"2020-06-25T08:11:49","date_gmt":"2020-06-25T08:11:49","guid":{"rendered":"https:\/\/themes.muffingroup.com\/be\/business3_el\/?page_id=12"},"modified":"2022-01-27T18:58:58","modified_gmt":"2022-01-27T18:58:58","slug":"cursos","status":"publish","type":"page","link":"http:\/\/inglesadultos.com.ar\/index.php\/cursos\/","title":{"rendered":"Cursos"},"content":{"rendered":"\t\t<div data-elementor-type=\"wp-page\" data-elementor-id=\"12\" class=\"elementor elementor-12\">\n\t\t\t\t\t\t<section class=\"elementor-section elementor-top-section elementor-element elementor-element-c6ed732 elementor-section-stretched elementor-section-full_width elementor-section-height-default elementor-section-height-default\" data-id=\"c6ed732\" data-element_type=\"section\" data-e-type=\"section\" data-settings=\"{&quot;stretch_section&quot;:&quot;section-stretched&quot;,&quot;background_background&quot;:&quot;classic&quot;}\">\n\t\t\t\t\t\t<div class=\"elementor-container elementor-column-gap-no\">\n\t\t\t\t\t<div class=\"elementor-column elementor-col-100 elementor-top-column elementor-element elementor-element-b63b404\" data-id=\"b63b404\" data-element_type=\"column\" data-e-type=\"column\">\n\t\t\t<div class=\"elementor-widget-wrap elementor-element-populated\">\n\t\t\t\t\t\t<div class=\"elementor-element elementor-element-2cf8e6b elementor-widget elementor-widget-text-editor\" data-id=\"2cf8e6b\" data-element_type=\"widget\" data-e-type=\"widget\" data-widget_type=\"text-editor.default\">\n\t\t\t\t<div class=\"elementor-widget-container\">\n\t\t\t\t\t\t\t\t\t<h3 style=\"color: #000;\">CURSOS ONLINE<\/h3><h1>Desde nivel inicial A1 a nivel upper intermediate C1<\/h1>\t\t\t\t\t\t\t\t<\/div>\n\t\t\t\t<\/div>\n\t\t\t\t<div class=\"elementor-element elementor-element-7968ef4 elementor-widget elementor-widget-image\" data-id=\"7968ef4\" data-element_type=\"widget\" data-e-type=\"widget\" data-widget_type=\"image.default\">\n\t\t\t\t<div class=\"elementor-widget-container\">\n\t\t\t\t\t\t\t\t\t\t\t\t\t\t\t<img fetchpriority=\"high\" decoding=\"async\" width=\"1170\" height=\"1000\" src=\"http:\/\/inglesadultos.com.ar\/wp-content\/uploads\/2022\/01\/ia-1170x1000.jpg\" class=\"attachment-portfolio-mf size-portfolio-mf wp-image-301\" alt=\"\" \/>\t\t\t\t\t\t\t\t\t\t\t\t\t\t\t<\/div>\n\t\t\t\t<\/div>\n\t\t\t\t\t<\/div>\n\t\t<\/div>\n\t\t\t\t\t<\/div>\n\t\t<\/section>\n\t\t\t\t<section class=\"elementor-section elementor-top-section elementor-element elementor-element-a627965 elementor-section-stretched elementor-section-boxed elementor-section-height-default elementor-section-height-default\" data-id=\"a627965\" data-element_type=\"section\" data-e-type=\"section\" data-settings=\"{&quot;stretch_section&quot;:&quot;section-stretched&quot;}\">\n\t\t\t\t\t\t<div class=\"elementor-container elementor-column-gap-wider\">\n\t\t\t\t\t<div class=\"elementor-column elementor-col-100 elementor-top-column elementor-element elementor-element-d55f957\" data-id=\"d55f957\" data-element_type=\"column\" data-e-type=\"column\">\n\t\t\t<div class=\"elementor-widget-wrap elementor-element-populated\">\n\t\t\t\t\t\t<div class=\"elementor-element elementor-element-843a825 elementor-widget elementor-widget-text-editor\" data-id=\"843a825\" data-element_type=\"widget\" data-e-type=\"widget\" data-widget_type=\"text-editor.default\">\n\t\t\t\t<div class=\"elementor-widget-container\">\n\t\t\t\t\t\t\t\t\t<h6>OUR OFFER<\/h6><h1>Selecciona el curso indicado e inscribite facilmente<\/h1>\t\t\t\t\t\t\t\t<\/div>\n\t\t\t\t<\/div>\n\t\t\t\t<div class=\"elementor-element elementor-element-4baaff3 elementor-widget elementor-widget-text-editor\" data-id=\"4baaff3\" data-element_type=\"widget\" data-e-type=\"widget\" data-widget_type=\"text-editor.default\">\n\t\t\t\t<div class=\"elementor-widget-container\">\n\t\t\t\t\t\t\t\t\t<div dir=\"auto\">En este apartado podr\u00e1s encontrar talleres y cursos para todos los niveles de conocimiento del idioma.\u00a0<\/div><div dir=\"auto\">Te invito a animarte, soltar y comenzar a estudiar eso que siempre quisiste y\/o a continuar descubriendo esta lengua.\u00a0<\/div><div dir=\"auto\">Cada curso fue dise\u00f1ado para guiarte paso a paso, brind\u00e1ndote distintas herramientas, f\u00f3rmulas y t\u00edps para desarrollar las 4 habilidades ling\u00fc\u00edsticas principales:<\/div><div dir=\"auto\">\u00a0<\/div><div dir=\"auto\">\u2022 expresi\u00f3n oral<\/div><div dir=\"auto\">\u2022 expresi\u00f3n escrita<\/div><div dir=\"auto\">\u2022 comprensi\u00f3n lectora<\/div><div dir=\"auto\">\u2022 comprensi\u00f3n auditiva<\/div>\t\t\t\t\t\t\t\t<\/div>\n\t\t\t\t<\/div>\n\t\t\t\t<div class=\"elementor-element elementor-element-cf8dbe5 elementor-widget elementor-widget-spacer\" data-id=\"cf8dbe5\" data-element_type=\"widget\" data-e-type=\"widget\" data-widget_type=\"spacer.default\">\n\t\t\t\t<div class=\"elementor-widget-container\">\n\t\t\t\t\t\t\t<div class=\"elementor-spacer\">\n\t\t\t<div class=\"elementor-spacer-inner\"><\/div>\n\t\t<\/div>\n\t\t\t\t\t\t<\/div>\n\t\t\t\t<\/div>\n\t\t\t\t<div class=\"elementor-element elementor-element-e28a195 elementor-widget elementor-widget-text-editor\" data-id=\"e28a195\" data-element_type=\"widget\" data-e-type=\"widget\" data-widget_type=\"text-editor.default\">\n\t\t\t\t<div class=\"elementor-widget-container\">\n\t\t\t\t\t\t\t\t\t<p>[post_grid id=&#8221;270&#8243;]<\/p>\t\t\t\t\t\t\t\t<\/div>\n\t\t\t\t<\/div>\n\t\t\t\t\t<\/div>\n\t\t<\/div>\n\t\t\t\t\t<\/div>\n\t\t<\/section>\n\t\t\t\t<section class=\"elementor-section elementor-top-section elementor-element elementor-element-8f7d6ea elementor-section-stretched elementor-section-boxed elementor-section-height-default elementor-section-height-default\" data-id=\"8f7d6ea\" data-element_type=\"section\" data-e-type=\"section\" data-settings=\"{&quot;stretch_section&quot;:&quot;section-stretched&quot;}\">\n\t\t\t\t\t\t<div class=\"elementor-container elementor-column-gap-wider\">\n\t\t\t\t\t<div class=\"elementor-column elementor-col-100 elementor-top-column elementor-element elementor-element-42bbc9b\" data-id=\"42bbc9b\" data-element_type=\"column\" data-e-type=\"column\">\n\t\t\t<div class=\"elementor-widget-wrap elementor-element-populated\">\n\t\t\t\t\t\t<div class=\"elementor-element elementor-element-4dc8950 elementor-widget elementor-widget-image\" data-id=\"4dc8950\" data-element_type=\"widget\" data-e-type=\"widget\" data-widget_type=\"image.default\">\n\t\t\t\t<div class=\"elementor-widget-container\">\n\t\t\t\t\t\t\t\t\t\t\t\t\t\t\t<img decoding=\"async\" width=\"73\" height=\"59\" src=\"http:\/\/inglesadultos.com.ar\/wp-content\/uploads\/2020\/06\/biz3-quotes.png\" class=\"attachment-large size-large wp-image-39\" alt=\"\" srcset=\"http:\/\/inglesadultos.com.ar\/wp-content\/uploads\/2020\/06\/biz3-quotes.png 73w, http:\/\/inglesadultos.com.ar\/wp-content\/uploads\/2020\/06\/biz3-quotes-50x40.png 50w\" sizes=\"(max-width: 73px) 100vw, 73px\" \/>\t\t\t\t\t\t\t\t\t\t\t\t\t\t\t<\/div>\n\t\t\t\t<\/div>\n\t\t\t\t<div class=\"elementor-element elementor-element-adff754 elementor-widget elementor-widget-mfn_testimonials\" data-id=\"adff754\" data-element_type=\"widget\" data-e-type=\"widget\" data-widget_type=\"mfn_testimonials.default\">\n\t\t\t\t<div class=\"elementor-widget-container\">\n\t\t\t\t\t<div class=\"testimonials_slider single-photo hide-photos\"><ul class=\"testimonials_slider_ul\"><li><div class=\"single-photo-img\"><img decoding=\"async\" class=\"scale-with-grid\" src=\"http:\/\/inglesadultos.com.ar\/wp-content\/themes\/betheme\/images\/testimonials-placeholder.png\" alt=\"Eileen Moira Meyer\" \/><\/div><div class=\"bq_wrapper\"><blockquote><h5  font-size: 500;\">Me encanta! Estoy con un grupo en donde nos llevamos muy bien , me siento c\u00f3moda <\/h5><\/blockquote><\/div><div class=\"hr_dots\"><span><\/span><span><\/span><span><\/span><\/div><div class=\"author\"><h5>Eileen Moira Meyer<\/h5><span class=\"company\"><\/span><\/div><\/li><li><div class=\"single-photo-img\"><img decoding=\"async\" class=\"scale-with-grid\" src=\"http:\/\/inglesadultos.com.ar\/wp-content\/themes\/betheme\/images\/testimonials-placeholder.png\" alt=\"Prat Maria Pilar \" \/><\/div><div class=\"bq_wrapper\"><blockquote><h5  font-size: 500;\">Pese a que no es en modalidad presencial las clases son s\u00faper din\u00e1micas y entretenidas . Los contenidos se dan desde un lugar que motiva las ganas de seguir avanzando y progresando. Estoy sorprendida con todo lo que aprend\u00ed en estos 7 meses<\/h5><\/blockquote><\/div><div class=\"hr_dots\"><span><\/span><span><\/span><span><\/span><\/div><div class=\"author\"><h5>Prat Maria Pilar <\/h5><span class=\"company\"><\/span><\/div><\/li><li><div class=\"single-photo-img\"><img decoding=\"async\" class=\"scale-with-grid\" src=\"http:\/\/inglesadultos.com.ar\/wp-content\/themes\/betheme\/images\/testimonials-placeholder.png\" alt=\"Carla Pascual\" \/><\/div><div class=\"bq_wrapper\"><blockquote><h5 style=\"font-weight: 500;\">Realmente muy placentera y exitosa.<\/h5><\/blockquote><\/div><div class=\"hr_dots\"><span><\/span><span><\/span><span><\/span><\/div><div class=\"author\"><h5>Carla Pascual<\/h5><span class=\"company\"><\/span><\/div><\/li><li><div class=\"single-photo-img\"><img decoding=\"async\" class=\"scale-with-grid\" src=\"http:\/\/inglesadultos.com.ar\/wp-content\/themes\/betheme\/images\/testimonials-placeholder.png\" alt=\"Carolina Torchio \" \/><\/div><div class=\"bq_wrapper\"><blockquote><h5 style=\"font-weight: 500;\">Muy buena experiencia, algo que puedo realizar que ten\u00eda pendiente!<\/h5><\/blockquote><\/div><div class=\"hr_dots\"><span><\/span><span><\/span><span><\/span><\/div><div class=\"author\"><h5>Carolina Torchio <\/h5><span class=\"company\"><\/span><\/div><\/li><li><div class=\"single-photo-img\"><img decoding=\"async\" class=\"scale-with-grid\" src=\"http:\/\/inglesadultos.com.ar\/wp-content\/themes\/betheme\/images\/testimonials-placeholder.png\" alt=\"Mar\u00eda Jos\u00e9 Arpaia Sabattini\" \/><\/div><div class=\"bq_wrapper\"><blockquote><h5 style=\"font-weight: 500;\">Muy \u00fatiles, claras y entretenidas.<\/h5><\/blockquote><\/div><div class=\"hr_dots\"><span><\/span><span><\/span><span><\/span><\/div><div class=\"author\"><h5>Mar\u00eda Jos\u00e9 Arpaia Sabattini<\/h5><span class=\"company\"><\/span><\/div><\/li><\/ul><div class=\"slider_pager slider_pagination\"><\/div><\/div>\n\t\t\t\t<\/div>\n\t\t\t\t<\/div>\n\t\t\t\t\t<\/div>\n\t\t<\/div>\n\t\t\t\t\t<\/div>\n\t\t<\/section>\n\t\t\t\t<section class=\"elementor-section elementor-top-section elementor-element elementor-element-fc1b6ca elementor-section-stretched elementor-section-content-middle elementor-section-boxed elementor-section-height-default elementor-section-height-default\" data-id=\"fc1b6ca\" data-element_type=\"section\" data-e-type=\"section\" data-settings=\"{&quot;stretch_section&quot;:&quot;section-stretched&quot;}\">\n\t\t\t\t\t\t<div class=\"elementor-container elementor-column-gap-no\">\n\t\t\t\t\t<div class=\"elementor-column elementor-col-33 elementor-top-column elementor-element elementor-element-d456132\" data-id=\"d456132\" data-element_type=\"column\" data-e-type=\"column\">\n\t\t\t<div class=\"elementor-widget-wrap elementor-element-populated\">\n\t\t\t\t\t\t<div class=\"elementor-element elementor-element-ca7e4fc elementor-widget elementor-widget-text-editor\" data-id=\"ca7e4fc\" data-element_type=\"widget\" data-e-type=\"widget\" data-widget_type=\"text-editor.default\">\n\t\t\t\t<div class=\"elementor-widget-container\">\n\t\t\t\t\t\t\t\t\t<div class=\"elementor-column elementor-col-33 elementor-top-column elementor-element elementor-element-8a12ed4\" data-id=\"8a12ed4\" data-element_type=\"column\"><div class=\"elementor-column-wrap elementor-element-populated\"><div class=\"elementor-widget-wrap\"><div class=\"elementor-element elementor-element-4248800 elementor-widget elementor-widget-text-editor\" data-id=\"4248800\" data-element_type=\"widget\" data-widget_type=\"text-editor.default\"><div class=\"elementor-widget-container\"><div class=\"elementor-text-editor elementor-clearfix\"><h3>Encontrame en<\/h3><\/div><\/div><\/div><\/div><\/div><\/div>\t\t\t\t\t\t\t\t<\/div>\n\t\t\t\t<\/div>\n\t\t\t\t\t<\/div>\n\t\t<\/div>\n\t\t\t\t<div class=\"elementor-column elementor-col-33 elementor-top-column elementor-element elementor-element-ed927de\" data-id=\"ed927de\" data-element_type=\"column\" data-e-type=\"column\">\n\t\t\t<div class=\"elementor-widget-wrap elementor-element-populated\">\n\t\t\t\t\t\t<div class=\"elementor-element elementor-element-fdbb9fb elementor-widget elementor-widget-text-editor\" data-id=\"fdbb9fb\" data-element_type=\"widget\" data-e-type=\"widget\" data-widget_type=\"text-editor.default\">\n\t\t\t\t<div class=\"elementor-widget-container\">\n\t\t\t\t\t\t\t\t\t<p style=\"text-align: center;\">Segui mis redes sociales para enterarte de todas las novedades.<\/p>\t\t\t\t\t\t\t\t<\/div>\n\t\t\t\t<\/div>\n\t\t\t\t\t<\/div>\n\t\t<\/div>\n\t\t\t\t<div class=\"elementor-column elementor-col-33 elementor-top-column elementor-element elementor-element-e6abd7e\" data-id=\"e6abd7e\" data-element_type=\"column\" data-e-type=\"column\">\n\t\t\t<div class=\"elementor-widget-wrap elementor-element-populated\">\n\t\t\t\t\t\t<div class=\"elementor-element elementor-element-727786d elementor-shape-circle elementor-grid-0 e-grid-align-center elementor-widget elementor-widget-social-icons\" data-id=\"727786d\" data-element_type=\"widget\" data-e-type=\"widget\" data-widget_type=\"social-icons.default\">\n\t\t\t\t<div class=\"elementor-widget-container\">\n\t\t\t\t\t\t\t<div class=\"elementor-social-icons-wrapper elementor-grid\" role=\"list\">\n\t\t\t\t\t\t\t<span class=\"elementor-grid-item\" role=\"listitem\">\n\t\t\t\t\t<a class=\"elementor-icon elementor-social-icon elementor-social-icon-facebook elementor-repeater-item-0764ceb\" href=\"https:\/\/www.facebook.com\/ingles.adultos.50\" target=\"_blank\">\n\t\t\t\t\t\t<span class=\"elementor-screen-only\">Facebook<\/span>\n\t\t\t\t\t\t<i aria-hidden=\"true\" class=\"fab fa-facebook\"><\/i>\t\t\t\t\t<\/a>\n\t\t\t\t<\/span>\n\t\t\t\t\t\t\t<span class=\"elementor-grid-item\" role=\"listitem\">\n\t\t\t\t\t<a class=\"elementor-icon elementor-social-icon elementor-social-icon-instagram elementor-repeater-item-332509a\" href=\"http:\/\/instagram.com\/inglesadultos\" target=\"_blank\">\n\t\t\t\t\t\t<span class=\"elementor-screen-only\">Instagram<\/span>\n\t\t\t\t\t\t<i aria-hidden=\"true\" class=\"fab fa-instagram\"><\/i>\t\t\t\t\t<\/a>\n\t\t\t\t<\/span>\n\t\t\t\t\t<\/div>\n\t\t\t\t\t\t<\/div>\n\t\t\t\t<\/div>\n\t\t\t\t\t<\/div>\n\t\t<\/div>\n\t\t\t\t\t<\/div>\n\t\t<\/section>\n\t\t\t\t<\/div>\n\t\t","protected":false},"excerpt":{"rendered":"<p>CURSOS ONLINE Desde nivel inicial A1 a nivel upper intermediate C1 OUR OFFER Selecciona el curso indicado e inscribite facilmente En este apartado podr\u00e1s encontrar talleres<span class=\"excerpt-hellip\"> [\u2026]<\/span><\/p>\n","protected":false},"author":1,"featured_media":0,"parent":0,"menu_order":0,"comment_status":"closed","ping_status":"closed","template":"","meta":{"footnotes":""},"class_list":["post-12","page","type-page","status-publish","hentry"],"aioseo_notices":[],"_links":{"self":[{"href":"http:\/\/inglesadultos.com.ar\/index.php\/wp-json\/wp\/v2\/pages\/12","targetHints":{"allow":["GET"]}}],"collection":[{"href":"http:\/\/inglesadultos.com.ar\/index.php\/wp-json\/wp\/v2\/pages"}],"about":[{"href":"http:\/\/inglesadultos.com.ar\/index.php\/wp-json\/wp\/v2\/types\/page"}],"author":[{"embeddable":true,"href":"http:\/\/inglesadultos.com.ar\/index.php\/wp-json\/wp\/v2\/users\/1"}],"replies":[{"embeddable":true,"href":"http:\/\/inglesadultos.com.ar\/index.php\/wp-json\/wp\/v2\/comments?post=12"}],"version-history":[{"count":24,"href":"http:\/\/inglesadultos.com.ar\/index.php\/wp-json\/wp\/v2\/pages\/12\/revisions"}],"predecessor-version":[{"id":320,"href":"http:\/\/inglesadultos.com.ar\/index.php\/wp-json\/wp\/v2\/pages\/12\/revisions\/320"}],"wp:attachment":[{"href":"http:\/\/inglesadultos.com.ar\/index.php\/wp-json\/wp\/v2\/media?parent=12"}],"curies":[{"name":"wp","href":"https:\/\/api.w.org\/{rel}","templated":true}]}}