{"id":8,"date":"2020-06-25T08:11:28","date_gmt":"2020-06-25T08:11:28","guid":{"rendered":"https:\/\/themes.muffingroup.com\/be\/business3_el\/?page_id=8"},"modified":"2022-01-27T18:42:28","modified_gmt":"2022-01-27T18:42:28","slug":"biografia","status":"publish","type":"page","link":"http:\/\/inglesadultos.com.ar\/index.php\/biografia\/","title":{"rendered":"Biografia"},"content":{"rendered":"\t\t<div data-elementor-type=\"wp-page\" data-elementor-id=\"8\" class=\"elementor elementor-8\">\n\t\t\t\t\t\t<section class=\"elementor-section elementor-top-section elementor-element elementor-element-42831cf elementor-section-stretched elementor-section-boxed elementor-section-height-default elementor-section-height-default\" data-id=\"42831cf\" data-element_type=\"section\" data-e-type=\"section\" data-settings=\"{&quot;stretch_section&quot;:&quot;section-stretched&quot;,&quot;background_background&quot;:&quot;classic&quot;}\">\n\t\t\t\t\t\t<div class=\"elementor-container elementor-column-gap-wider\">\n\t\t\t\t\t<div class=\"elementor-column elementor-col-100 elementor-top-column elementor-element elementor-element-2269908\" data-id=\"2269908\" data-element_type=\"column\" data-e-type=\"column\">\n\t\t\t<div class=\"elementor-widget-wrap elementor-element-populated\">\n\t\t\t\t\t\t<div class=\"elementor-element elementor-element-5d90627 elementor-widget elementor-widget-text-editor\" data-id=\"5d90627\" data-element_type=\"widget\" data-e-type=\"widget\" data-widget_type=\"text-editor.default\">\n\t\t\t\t<div class=\"elementor-widget-container\">\n\t\t\t\t\t\t\t\t\t<h6 style=\"color: #000;\">SOBRE MI<\/h6><h1>BIOGRAF\u00cdA<\/h1>\t\t\t\t\t\t\t\t<\/div>\n\t\t\t\t<\/div>\n\t\t\t\t\t<\/div>\n\t\t<\/div>\n\t\t\t\t\t<\/div>\n\t\t<\/section>\n\t\t\t\t<section class=\"elementor-section elementor-top-section elementor-element elementor-element-dd59b76 elementor-section-stretched elementor-section-boxed elementor-section-height-default elementor-section-height-default\" data-id=\"dd59b76\" data-element_type=\"section\" data-e-type=\"section\" data-settings=\"{&quot;stretch_section&quot;:&quot;section-stretched&quot;,&quot;background_background&quot;:&quot;classic&quot;}\">\n\t\t\t\t\t\t<div class=\"elementor-container elementor-column-gap-wider\">\n\t\t\t\t\t<div class=\"elementor-column elementor-col-100 elementor-top-column elementor-element elementor-element-dec5c58\" data-id=\"dec5c58\" data-element_type=\"column\" data-e-type=\"column\">\n\t\t\t<div class=\"elementor-widget-wrap elementor-element-populated\">\n\t\t\t\t\t\t<section class=\"elementor-section elementor-inner-section elementor-element elementor-element-d203661 elementor-section-content-middle elementor-reverse-mobile elementor-section-boxed elementor-section-height-default elementor-section-height-default\" data-id=\"d203661\" data-element_type=\"section\" data-e-type=\"section\">\n\t\t\t\t\t\t<div class=\"elementor-container elementor-column-gap-default\">\n\t\t\t\t\t<div class=\"elementor-column elementor-col-50 elementor-inner-column elementor-element elementor-element-b875729\" data-id=\"b875729\" data-element_type=\"column\" data-e-type=\"column\">\n\t\t\t<div class=\"elementor-widget-wrap elementor-element-populated\">\n\t\t\t\t\t\t<div class=\"elementor-element elementor-element-4f45ca3 elementor-widget elementor-widget-text-editor\" data-id=\"4f45ca3\" data-element_type=\"widget\" data-e-type=\"widget\" data-widget_type=\"text-editor.default\">\n\t\t\t\t<div class=\"elementor-widget-container\">\n\t\t\t\t\t\t\t\t\t<h2>Irup\u00e9 Piotti<\/h2>\t\t\t\t\t\t\t\t<\/div>\n\t\t\t\t<\/div>\n\t\t\t\t<div class=\"elementor-element elementor-element-feb0a98 elementor-widget elementor-widget-text-editor\" data-id=\"feb0a98\" data-element_type=\"widget\" data-e-type=\"widget\" data-widget_type=\"text-editor.default\">\n\t\t\t\t<div class=\"elementor-widget-container\">\n\t\t\t\t\t\t\t\t\t<p>Nac\u00ed en Curuz\u00fa Cuati\u00e1, provincia de Corrientes, una ciudad con Pay\u00e9.<\/p>\n<p>Desde chica me vi atra\u00edda por los idiomas e impulsada por una gran profesora de Ingl\u00e9s, quien se convirti\u00f3 en mi mentora y actual consejera, eleg\u00ed este camino.<\/p>\n<p>Pas\u00e9 gran parte de mi adolescencia sumergida en libros de ingl\u00e9s aprendiendo y leyendo por placer. Tuve la imborrable experiencia de vivir en Londres, con 16 a\u00f1os, estudiando, perfeccionando el idioma e impregn\u00e1ndome de esa cultura que tanto admiro.<\/p>\n<p>Mi inter\u00e9s por la docencia segu\u00eda intacto al mudarme a Bs As, y cambiar el foco hacia la Licenciatura en Relaciones  Internacionales, a lo que me dedique por los siguientes a\u00f1os en la ciudad porte\u00f1a.<\/p>\n<p>Durante estos a\u00f1os de estudio, sociabilidad y abrirme al mundo, logr\u00e9 combinar mis dos pasiones: el idioma y los VIAJES.<br>Un nuevo giro me condujo a vivir aqu\u00ed en Azul, provincia de Bs As. Esta ciudad me permiti\u00f3 unir a mis pasiones anteriores una variable m\u00e1s, que expresa lo que soy: ense\u00f1ar.<\/p>\n<p><span style=\"letter-spacing: 0px;\">Desde entonces me nutr\u00ed conociendo todo tipo de historias inspiradoras en mis alumnos. Y ya no imagino vivir sin ese feedback e incre\u00edble energ\u00eda que se genera en el aula.<\/span><\/p>\nEste a\u00f1o 2020 nos revel\u00f3 que, ese ambiente de confianza, risas y aprendizaje, se logra incluso a trav\u00e9s de una pantalla.\t\t\t\t\t\t\t\t<\/div>\n\t\t\t\t<\/div>\n\t\t\t\t\t<\/div>\n\t\t<\/div>\n\t\t\t\t<div class=\"elementor-column elementor-col-50 elementor-inner-column elementor-element elementor-element-19190cc\" data-id=\"19190cc\" data-element_type=\"column\" data-e-type=\"column\">\n\t\t\t<div class=\"elementor-widget-wrap elementor-element-populated\">\n\t\t\t\t\t\t<div class=\"elementor-element elementor-element-eac85e4 elementor-widget elementor-widget-image\" data-id=\"eac85e4\" data-element_type=\"widget\" data-e-type=\"widget\" data-widget_type=\"image.default\">\n\t\t\t\t<div class=\"elementor-widget-container\">\n\t\t\t\t\t\t\t\t\t\t\t\t\t\t\t<img fetchpriority=\"high\" decoding=\"async\" width=\"984\" height=\"1024\" src=\"http:\/\/inglesadultos.com.ar\/wp-content\/uploads\/2022\/01\/unnamed-984x1024.jpg\" class=\"attachment-large size-large wp-image-299\" alt=\"\" srcset=\"http:\/\/inglesadultos.com.ar\/wp-content\/uploads\/2022\/01\/unnamed-984x1024.jpg 984w, http:\/\/inglesadultos.com.ar\/wp-content\/uploads\/2022\/01\/unnamed-288x300.jpg 288w, http:\/\/inglesadultos.com.ar\/wp-content\/uploads\/2022\/01\/unnamed-768x799.jpg 768w, http:\/\/inglesadultos.com.ar\/wp-content\/uploads\/2022\/01\/unnamed-140x146.jpg 140w, http:\/\/inglesadultos.com.ar\/wp-content\/uploads\/2022\/01\/unnamed-48x50.jpg 48w, http:\/\/inglesadultos.com.ar\/wp-content\/uploads\/2022\/01\/unnamed-72x75.jpg 72w, http:\/\/inglesadultos.com.ar\/wp-content\/uploads\/2022\/01\/unnamed.jpg 1170w\" sizes=\"(max-width: 984px) 100vw, 984px\" \/>\t\t\t\t\t\t\t\t\t\t\t\t\t\t\t<\/div>\n\t\t\t\t<\/div>\n\t\t\t\t\t<\/div>\n\t\t<\/div>\n\t\t\t\t\t<\/div>\n\t\t<\/section>\n\t\t\t\t<section class=\"elementor-section elementor-inner-section elementor-element elementor-element-ed9e2ee elementor-section-content-middle elementor-hidden-desktop elementor-hidden-tablet elementor-hidden-phone elementor-section-boxed elementor-section-height-default elementor-section-height-default\" data-id=\"ed9e2ee\" data-element_type=\"section\" data-e-type=\"section\">\n\t\t\t\t\t\t<div class=\"elementor-container elementor-column-gap-default\">\n\t\t\t\t\t<div class=\"elementor-column elementor-col-50 elementor-inner-column elementor-element elementor-element-915a07d\" data-id=\"915a07d\" data-element_type=\"column\" data-e-type=\"column\">\n\t\t\t<div class=\"elementor-widget-wrap elementor-element-populated\">\n\t\t\t\t\t\t<div class=\"elementor-element elementor-element-6046b4a elementor-widget elementor-widget-image\" data-id=\"6046b4a\" data-element_type=\"widget\" data-e-type=\"widget\" data-widget_type=\"image.default\">\n\t\t\t\t<div class=\"elementor-widget-container\">\n\t\t\t\t\t\t\t\t\t\t\t\t\t\t\t<img decoding=\"async\" width=\"780\" height=\"780\" src=\"http:\/\/inglesadultos.com.ar\/wp-content\/uploads\/2020\/06\/biz3-about-img-3.jpg\" class=\"attachment-large size-large wp-image-31\" alt=\"\" srcset=\"http:\/\/inglesadultos.com.ar\/wp-content\/uploads\/2020\/06\/biz3-about-img-3.jpg 780w, http:\/\/inglesadultos.com.ar\/wp-content\/uploads\/2020\/06\/biz3-about-img-3-300x300.jpg 300w, http:\/\/inglesadultos.com.ar\/wp-content\/uploads\/2020\/06\/biz3-about-img-3-150x150.jpg 150w, http:\/\/inglesadultos.com.ar\/wp-content\/uploads\/2020\/06\/biz3-about-img-3-768x768.jpg 768w, http:\/\/inglesadultos.com.ar\/wp-content\/uploads\/2020\/06\/biz3-about-img-3-146x146.jpg 146w, http:\/\/inglesadultos.com.ar\/wp-content\/uploads\/2020\/06\/biz3-about-img-3-50x50.jpg 50w, http:\/\/inglesadultos.com.ar\/wp-content\/uploads\/2020\/06\/biz3-about-img-3-75x75.jpg 75w, http:\/\/inglesadultos.com.ar\/wp-content\/uploads\/2020\/06\/biz3-about-img-3-85x85.jpg 85w, http:\/\/inglesadultos.com.ar\/wp-content\/uploads\/2020\/06\/biz3-about-img-3-80x80.jpg 80w, http:\/\/inglesadultos.com.ar\/wp-content\/uploads\/2020\/06\/biz3-about-img-3-500x500.jpg 500w\" sizes=\"(max-width: 780px) 100vw, 780px\" \/>\t\t\t\t\t\t\t\t\t\t\t\t\t\t\t<\/div>\n\t\t\t\t<\/div>\n\t\t\t\t\t<\/div>\n\t\t<\/div>\n\t\t\t\t<div class=\"elementor-column elementor-col-50 elementor-inner-column elementor-element elementor-element-98fc4aa\" data-id=\"98fc4aa\" data-element_type=\"column\" data-e-type=\"column\">\n\t\t\t<div class=\"elementor-widget-wrap elementor-element-populated\">\n\t\t\t\t\t\t<div class=\"elementor-element elementor-element-dec3ed5 elementor-widget elementor-widget-text-editor\" data-id=\"dec3ed5\" data-element_type=\"widget\" data-e-type=\"widget\" data-widget_type=\"text-editor.default\">\n\t\t\t\t<div class=\"elementor-widget-container\">\n\t\t\t\t\t\t\t\t\t<h3>Alborn vito<br \/>mos nostra pertrone<\/h3>\t\t\t\t\t\t\t\t<\/div>\n\t\t\t\t<\/div>\n\t\t\t\t<div class=\"elementor-element elementor-element-07a95f0 elementor-widget elementor-widget-text-editor\" data-id=\"07a95f0\" data-element_type=\"widget\" data-e-type=\"widget\" data-widget_type=\"text-editor.default\">\n\t\t\t\t<div class=\"elementor-widget-container\">\n\t\t\t\t\t\t\t\t\t<p><strong>Lorem ipsum dolor sit amet, consectetur adipiscing elit. Ut elit tellus, luctus nec ullamcorper mattis, pulvinar dapibus leo.<\/strong><\/p><p>Etiam sagittis sagittis augue eu vehicula. Nulla ultrices nunc id consequat consectetur. Phasellus pharetra augue sit amet lorem sagittis lacinia. Aliquam auctor lectus sem, et elementum velit viverra at. In a commodo dolor.<\/p>\t\t\t\t\t\t\t\t<\/div>\n\t\t\t\t<\/div>\n\t\t\t\t<div class=\"elementor-element elementor-element-4f97d89 elementor-widget elementor-widget-button\" data-id=\"4f97d89\" data-element_type=\"widget\" data-e-type=\"widget\" data-widget_type=\"button.default\">\n\t\t\t\t<div class=\"elementor-widget-container\">\n\t\t\t\t\t\t\t\t\t<div class=\"elementor-button-wrapper\">\n\t\t\t\t\t<a class=\"elementor-button elementor-button-link elementor-size-sm\" href=\"http:\/\/inglesadultos.com.ar\/pricing\/\">\n\t\t\t\t\t\t<span class=\"elementor-button-content-wrapper\">\n\t\t\t\t\t\t\t\t\t<span class=\"elementor-button-text\">View more details<\/span>\n\t\t\t\t\t<\/span>\n\t\t\t\t\t<\/a>\n\t\t\t\t<\/div>\n\t\t\t\t\t\t\t\t<\/div>\n\t\t\t\t<\/div>\n\t\t\t\t\t<\/div>\n\t\t<\/div>\n\t\t\t\t\t<\/div>\n\t\t<\/section>\n\t\t\t\t\t<\/div>\n\t\t<\/div>\n\t\t\t\t\t<\/div>\n\t\t<\/section>\n\t\t\t\t<section class=\"elementor-section elementor-top-section elementor-element elementor-element-b465436 elementor-section-stretched elementor-hidden-desktop elementor-hidden-tablet elementor-hidden-phone elementor-section-boxed elementor-section-height-default elementor-section-height-default\" data-id=\"b465436\" data-element_type=\"section\" data-e-type=\"section\" data-settings=\"{&quot;stretch_section&quot;:&quot;section-stretched&quot;}\">\n\t\t\t\t\t\t<div class=\"elementor-container elementor-column-gap-wider\">\n\t\t\t\t\t<div class=\"elementor-column elementor-col-100 elementor-top-column elementor-element elementor-element-2d73bc0\" data-id=\"2d73bc0\" data-element_type=\"column\" data-e-type=\"column\">\n\t\t\t<div class=\"elementor-widget-wrap elementor-element-populated\">\n\t\t\t\t\t\t<div class=\"elementor-element elementor-element-41af49b elementor-widget elementor-widget-image\" data-id=\"41af49b\" data-element_type=\"widget\" data-e-type=\"widget\" data-widget_type=\"image.default\">\n\t\t\t\t<div class=\"elementor-widget-container\">\n\t\t\t\t\t\t\t\t\t\t\t\t\t\t\t<img decoding=\"async\" width=\"73\" height=\"59\" src=\"http:\/\/inglesadultos.com.ar\/wp-content\/uploads\/2020\/06\/biz3-quotes.png\" class=\"attachment-large size-large wp-image-39\" alt=\"\" srcset=\"http:\/\/inglesadultos.com.ar\/wp-content\/uploads\/2020\/06\/biz3-quotes.png 73w, http:\/\/inglesadultos.com.ar\/wp-content\/uploads\/2020\/06\/biz3-quotes-50x40.png 50w\" sizes=\"(max-width: 73px) 100vw, 73px\" \/>\t\t\t\t\t\t\t\t\t\t\t\t\t\t\t<\/div>\n\t\t\t\t<\/div>\n\t\t\t\t<div class=\"elementor-element elementor-element-89ab47c elementor-widget elementor-widget-mfn_testimonials\" data-id=\"89ab47c\" data-element_type=\"widget\" data-e-type=\"widget\" data-widget_type=\"mfn_testimonials.default\">\n\t\t\t\t<div class=\"elementor-widget-container\">\n\t\t\t\t\t<div class=\"testimonials_slider single-photo hide-photos\"><ul class=\"testimonials_slider_ul\"><li><div class=\"single-photo-img\"><img decoding=\"async\" class=\"scale-with-grid\" src=\"http:\/\/inglesadultos.com.ar\/wp-content\/themes\/betheme\/images\/testimonials-placeholder.png\" alt=\"Eileen Moira Meyer\" \/><\/div><div class=\"bq_wrapper\"><blockquote><h5  font-size: 500;\">Me encanta! Estoy con un grupo en donde nos llevamos muy bien , me siento c\u00f3moda <\/h5><\/blockquote><\/div><div class=\"hr_dots\"><span><\/span><span><\/span><span><\/span><\/div><div class=\"author\"><h5>Eileen Moira Meyer<\/h5><span class=\"company\"><\/span><\/div><\/li><li><div class=\"single-photo-img\"><img decoding=\"async\" class=\"scale-with-grid\" src=\"http:\/\/inglesadultos.com.ar\/wp-content\/themes\/betheme\/images\/testimonials-placeholder.png\" alt=\"Prat Maria Pilar \" \/><\/div><div class=\"bq_wrapper\"><blockquote><h5  font-size: 500;\">Pese a que no es en modalidad presencial las clases son s\u00faper din\u00e1micas y entretenidas . Los contenidos se dan desde un lugar que motiva las ganas de seguir avanzando y progresando. Estoy sorprendida con todo lo que aprend\u00ed en estos 7 meses<\/h5><\/blockquote><\/div><div class=\"hr_dots\"><span><\/span><span><\/span><span><\/span><\/div><div class=\"author\"><h5>Prat Maria Pilar <\/h5><span class=\"company\"><\/span><\/div><\/li><li><div class=\"single-photo-img\"><img decoding=\"async\" class=\"scale-with-grid\" src=\"http:\/\/inglesadultos.com.ar\/wp-content\/themes\/betheme\/images\/testimonials-placeholder.png\" alt=\"Carla Pascual\" \/><\/div><div class=\"bq_wrapper\"><blockquote><h5 style=\"font-weight: 500;\">Realmente muy placentera y exitosa.<\/h5><\/blockquote><\/div><div class=\"hr_dots\"><span><\/span><span><\/span><span><\/span><\/div><div class=\"author\"><h5>Carla Pascual<\/h5><span class=\"company\"><\/span><\/div><\/li><li><div class=\"single-photo-img\"><img decoding=\"async\" class=\"scale-with-grid\" src=\"http:\/\/inglesadultos.com.ar\/wp-content\/themes\/betheme\/images\/testimonials-placeholder.png\" alt=\"Carolina Torchio \" \/><\/div><div class=\"bq_wrapper\"><blockquote><h5 style=\"font-weight: 500;\">Muy buena experiencia, algo que puedo realizar que ten\u00eda pendiente!<\/h5><\/blockquote><\/div><div class=\"hr_dots\"><span><\/span><span><\/span><span><\/span><\/div><div class=\"author\"><h5>Carolina Torchio <\/h5><span class=\"company\"><\/span><\/div><\/li><li><div class=\"single-photo-img\"><img decoding=\"async\" class=\"scale-with-grid\" src=\"http:\/\/inglesadultos.com.ar\/wp-content\/themes\/betheme\/images\/testimonials-placeholder.png\" alt=\"Mar\u00eda Jos\u00e9 Arpaia Sabattini\" \/><\/div><div class=\"bq_wrapper\"><blockquote><h5 style=\"font-weight: 500;\">Muy \u00fatiles, claras y entretenidas.<\/h5><\/blockquote><\/div><div class=\"hr_dots\"><span><\/span><span><\/span><span><\/span><\/div><div class=\"author\"><h5>Mar\u00eda Jos\u00e9 Arpaia Sabattini<\/h5><span class=\"company\"><\/span><\/div><\/li><\/ul><div class=\"slider_pager slider_pagination\"><\/div><\/div>\n\t\t\t\t<\/div>\n\t\t\t\t<\/div>\n\t\t\t\t\t<\/div>\n\t\t<\/div>\n\t\t\t\t\t<\/div>\n\t\t<\/section>\n\t\t\t\t<section class=\"elementor-section elementor-top-section elementor-element elementor-element-db94193 elementor-section-stretched elementor-section-full_width elementor-hidden-desktop elementor-hidden-tablet elementor-hidden-phone elementor-section-height-default elementor-section-height-default\" data-id=\"db94193\" data-element_type=\"section\" data-e-type=\"section\" data-settings=\"{&quot;stretch_section&quot;:&quot;section-stretched&quot;}\">\n\t\t\t\t\t\t<div class=\"elementor-container elementor-column-gap-no\">\n\t\t\t\t\t<div class=\"elementor-column elementor-col-100 elementor-top-column elementor-element elementor-element-fc2411d\" data-id=\"fc2411d\" data-element_type=\"column\" data-e-type=\"column\">\n\t\t\t<div class=\"elementor-widget-wrap elementor-element-populated\">\n\t\t\t\t\t\t<div class=\"elementor-element elementor-element-b81ee53 elementor-widget elementor-widget-image\" data-id=\"b81ee53\" data-element_type=\"widget\" data-e-type=\"widget\" data-widget_type=\"image.default\">\n\t\t\t\t<div class=\"elementor-widget-container\">\n\t\t\t\t\t\t\t\t\t\t\t\t\t\t\t<img loading=\"lazy\" decoding=\"async\" width=\"1920\" height=\"698\" src=\"http:\/\/inglesadultos.com.ar\/wp-content\/uploads\/2020\/06\/biz3-home-bottom-section.png\" class=\"attachment-full size-full wp-image-26\" alt=\"\" srcset=\"http:\/\/inglesadultos.com.ar\/wp-content\/uploads\/2020\/06\/biz3-home-bottom-section.png 1920w, http:\/\/inglesadultos.com.ar\/wp-content\/uploads\/2020\/06\/biz3-home-bottom-section-300x109.png 300w, http:\/\/inglesadultos.com.ar\/wp-content\/uploads\/2020\/06\/biz3-home-bottom-section-1024x372.png 1024w, http:\/\/inglesadultos.com.ar\/wp-content\/uploads\/2020\/06\/biz3-home-bottom-section-768x279.png 768w, http:\/\/inglesadultos.com.ar\/wp-content\/uploads\/2020\/06\/biz3-home-bottom-section-1536x558.png 1536w, http:\/\/inglesadultos.com.ar\/wp-content\/uploads\/2020\/06\/biz3-home-bottom-section-260x95.png 260w, http:\/\/inglesadultos.com.ar\/wp-content\/uploads\/2020\/06\/biz3-home-bottom-section-50x18.png 50w, http:\/\/inglesadultos.com.ar\/wp-content\/uploads\/2020\/06\/biz3-home-bottom-section-150x55.png 150w\" sizes=\"(max-width: 1920px) 100vw, 1920px\" \/>\t\t\t\t\t\t\t\t\t\t\t\t\t\t\t<\/div>\n\t\t\t\t<\/div>\n\t\t\t\t\t<\/div>\n\t\t<\/div>\n\t\t\t\t\t<\/div>\n\t\t<\/section>\n\t\t\t\t<section class=\"elementor-section elementor-top-section elementor-element elementor-element-861ef17 elementor-section-stretched elementor-section-content-middle elementor-section-boxed elementor-section-height-default elementor-section-height-default\" data-id=\"861ef17\" data-element_type=\"section\" data-e-type=\"section\" data-settings=\"{&quot;stretch_section&quot;:&quot;section-stretched&quot;}\">\n\t\t\t\t\t\t<div class=\"elementor-container elementor-column-gap-no\">\n\t\t\t\t\t<div class=\"elementor-column elementor-col-33 elementor-top-column elementor-element elementor-element-30bc6c6\" data-id=\"30bc6c6\" data-element_type=\"column\" data-e-type=\"column\">\n\t\t\t<div class=\"elementor-widget-wrap elementor-element-populated\">\n\t\t\t\t\t\t<div class=\"elementor-element elementor-element-f8814e9 elementor-widget elementor-widget-text-editor\" data-id=\"f8814e9\" data-element_type=\"widget\" data-e-type=\"widget\" data-widget_type=\"text-editor.default\">\n\t\t\t\t<div class=\"elementor-widget-container\">\n\t\t\t\t\t\t\t\t\t<div data-id=\"8a12ed4\" data-element_type=\"column\"><div><div><div data-id=\"4248800\" data-element_type=\"widget\" data-widget_type=\"text-editor.default\"><div><div><h3>Encontrame en<\/h3><\/div><\/div><\/div><\/div><\/div><\/div>\t\t\t\t\t\t\t\t<\/div>\n\t\t\t\t<\/div>\n\t\t\t\t\t<\/div>\n\t\t<\/div>\n\t\t\t\t<div class=\"elementor-column elementor-col-33 elementor-top-column elementor-element elementor-element-cadba60\" data-id=\"cadba60\" data-element_type=\"column\" data-e-type=\"column\">\n\t\t\t<div class=\"elementor-widget-wrap elementor-element-populated\">\n\t\t\t\t\t\t<div class=\"elementor-element elementor-element-5da64cd elementor-widget elementor-widget-text-editor\" data-id=\"5da64cd\" data-element_type=\"widget\" data-e-type=\"widget\" data-widget_type=\"text-editor.default\">\n\t\t\t\t<div class=\"elementor-widget-container\">\n\t\t\t\t\t\t\t\t\t<div data-id=\"0be2bb9\" data-element_type=\"column\"><div><div><div data-id=\"915973b\" data-element_type=\"widget\" data-widget_type=\"text-editor.default\"><div><div><p align=\"center\">Segu\u00ed mis redes sociales para enterarte de todas las novedades.<\/p><\/div><\/div><\/div><\/div><\/div><\/div>\t\t\t\t\t\t\t\t<\/div>\n\t\t\t\t<\/div>\n\t\t\t\t\t<\/div>\n\t\t<\/div>\n\t\t\t\t<div class=\"elementor-column elementor-col-33 elementor-top-column elementor-element elementor-element-5212698\" data-id=\"5212698\" data-element_type=\"column\" data-e-type=\"column\">\n\t\t\t<div class=\"elementor-widget-wrap elementor-element-populated\">\n\t\t\t\t\t\t<div class=\"elementor-element elementor-element-7cd03ce elementor-shape-circle elementor-grid-0 e-grid-align-center elementor-widget elementor-widget-social-icons\" data-id=\"7cd03ce\" data-element_type=\"widget\" data-e-type=\"widget\" data-widget_type=\"social-icons.default\">\n\t\t\t\t<div class=\"elementor-widget-container\">\n\t\t\t\t\t\t\t<div class=\"elementor-social-icons-wrapper elementor-grid\" role=\"list\">\n\t\t\t\t\t\t\t<span class=\"elementor-grid-item\" role=\"listitem\">\n\t\t\t\t\t<a class=\"elementor-icon elementor-social-icon elementor-social-icon-facebook elementor-repeater-item-0764ceb\" href=\"https:\/\/www.facebook.com\/ingles.adultos.50\" target=\"_blank\">\n\t\t\t\t\t\t<span class=\"elementor-screen-only\">Facebook<\/span>\n\t\t\t\t\t\t<i aria-hidden=\"true\" class=\"fab fa-facebook\"><\/i>\t\t\t\t\t<\/a>\n\t\t\t\t<\/span>\n\t\t\t\t\t\t\t<span class=\"elementor-grid-item\" role=\"listitem\">\n\t\t\t\t\t<a class=\"elementor-icon elementor-social-icon elementor-social-icon-instagram elementor-repeater-item-332509a\" href=\"http:\/\/instagram.com\/inglesadultos\" target=\"_blank\">\n\t\t\t\t\t\t<span class=\"elementor-screen-only\">Instagram<\/span>\n\t\t\t\t\t\t<i aria-hidden=\"true\" class=\"fab fa-instagram\"><\/i>\t\t\t\t\t<\/a>\n\t\t\t\t<\/span>\n\t\t\t\t\t<\/div>\n\t\t\t\t\t\t<\/div>\n\t\t\t\t<\/div>\n\t\t\t\t\t<\/div>\n\t\t<\/div>\n\t\t\t\t\t<\/div>\n\t\t<\/section>\n\t\t\t\t<\/div>\n\t\t","protected":false},"excerpt":{"rendered":"<p>SOBRE MI BIOGRAF\u00cdA Irup\u00e9 Piotti Nac\u00ed en Curuz\u00fa Cuati\u00e1, provincia de Corrientes, una ciudad con Pay\u00e9. Desde chica me vi atra\u00edda por los idiomas e impulsada<span class=\"excerpt-hellip\"> [\u2026]<\/span><\/p>\n","protected":false},"author":1,"featured_media":0,"parent":0,"menu_order":0,"comment_status":"closed","ping_status":"closed","template":"","meta":{"footnotes":""},"class_list":["post-8","page","type-page","status-publish","hentry"],"aioseo_notices":[],"_links":{"self":[{"href":"http:\/\/inglesadultos.com.ar\/index.php\/wp-json\/wp\/v2\/pages\/8","targetHints":{"allow":["GET"]}}],"collection":[{"href":"http:\/\/inglesadultos.com.ar\/index.php\/wp-json\/wp\/v2\/pages"}],"about":[{"href":"http:\/\/inglesadultos.com.ar\/index.php\/wp-json\/wp\/v2\/types\/page"}],"author":[{"embeddable":true,"href":"http:\/\/inglesadultos.com.ar\/index.php\/wp-json\/wp\/v2\/users\/1"}],"replies":[{"embeddable":true,"href":"http:\/\/inglesadultos.com.ar\/index.php\/wp-json\/wp\/v2\/comments?post=8"}],"version-history":[{"count":41,"href":"http:\/\/inglesadultos.com.ar\/index.php\/wp-json\/wp\/v2\/pages\/8\/revisions"}],"predecessor-version":[{"id":311,"href":"http:\/\/inglesadultos.com.ar\/index.php\/wp-json\/wp\/v2\/pages\/8\/revisions\/311"}],"wp:attachment":[{"href":"http:\/\/inglesadultos.com.ar\/index.php\/wp-json\/wp\/v2\/media?parent=8"}],"curies":[{"name":"wp","href":"https:\/\/api.w.org\/{rel}","templated":true}]}}